{"id":413,"date":"2024-04-15T23:19:04","date_gmt":"2024-04-16T02:19:04","guid":{"rendered":"https:\/\/kesiaalves.com.br\/?post_type=product&#038;p=413"},"modified":"2024-05-12T23:16:01","modified_gmt":"2024-05-13T02:16:01","slug":"midi-estampado-crepe-de-malha","status":"publish","type":"product","link":"https:\/\/kesiaalves.com.br\/?product=midi-estampado-crepe-de-malha","title":{"rendered":"VESTIDO MIDI ESTAMPADO CREPE DE MALHA"},"content":{"rendered":"<p><strong>Vestido Max Midi com Eleg\u00e2ncia Floral e Detalhes Encantadores<\/strong><\/p>\n<p>Apresentamos o Vestido Max Midi, uma verdadeira obra de arte da moda feminina. Com uma composi\u00e7\u00e3o \u00fanica de tecido em tule floral, este vestido combina a delicadeza das flores com detalhes modernos, criando uma pe\u00e7a deslumbrante e sofisticada.<\/p>\n<p><strong>Detalhes que Cativam:<\/strong><\/p>\n<ul>\n<li><strong>Abertura Frontal Franzida no Tule:<\/strong>\u00a0A abertura frontal franzida no tule \u00e9 um toque inovador que adiciona um elemento sedutor ao vestido. Revela sutileza e charme, enquanto mant\u00e9m um ar de mist\u00e9rio.<\/li>\n<li><strong>Manga Longa com Eleg\u00e2ncia Atemporal:<\/strong>\u00a0As mangas longas trazem uma eleg\u00e2ncia atemporal, perfeitamente contrastando com o tule floral. A combina\u00e7\u00e3o cria um visual equilibrado e sofisticado.<\/li>\n<li><strong>Saia Max Midi com Babado Franzido:<\/strong>\u00a0A saia max midi \u00e9 adornada com um babado franzido, que confere movimento gracioso a cada passo. Um detalhe que adiciona um toque rom\u00e2ntico \u00e0 apar\u00eancia.<\/li>\n<\/ul>\n<p><strong>Recorte Frontal com Bot\u00f5es Encapados:<\/strong>\u00a0O recorte frontal \u00e9 real\u00e7ado por bot\u00f5es encapados, que acrescentam um toque refinado e uma dimens\u00e3o visual interessante ao vestido.<\/p>\n<p><strong>Destaque-se com Estilo:<\/strong><\/p>\n<p>O Vestido Max Midi \u00e9 a escolha ideal para ocasi\u00f5es especiais, eventos noturnos ou celebra\u00e7\u00f5es elegantes.<\/p>\n<p>Tamanho M veste 38\/40<\/p>\n<p>Tamanho G veste 42\/44<\/p>\n<p><strong>COMPOSI\u00c3O DO VESTIDO AMANDA CREPE COM TULE ESTAMPADO:<\/strong><\/p>\n<p>&#8211; Composi\u00e7\u00e3o: 95% Poli\u00e9ster e 05% Elastano.<\/p>\n<p><strong>CUIDADOS QUE VOC\u00ca DEVE TER COM SEU VESTIDO AMANDA CREPE COM TULE ESTAMPADO:<\/strong><\/p>\n<p>&#8211; Lavar a m\u00e3o;<\/p>\n<p>&#8211; N\u00e3o usar alvejante a base de cloro;<\/p>\n<p>&#8211; \u00c9 poss\u00edvel a secagem na vertical;<\/p>\n<p>&#8211; N\u00e3o passar a ferro;<\/p>\n<p>&#8211; N\u00e3o limpar a seco.<\/p>\n","protected":false},"excerpt":{"rendered":"<p>Vestido Max Midi com Eleg\u00e2ncia Floral e Detalhes Encantadores Apresentamos o Vestido Max Midi, uma verdadeira obra de arte da moda feminina. Com uma composi\u00e7\u00e3o \u00fanica de tecido em tule floral, este vestido combina a delicadeza das flores com detalhes modernos, criando uma pe\u00e7a deslumbrante e sofisticada. Detalhes que Cativam: Abertura Frontal Franzida no Tule:\u00a0A [&hellip;]<\/p>\n","protected":false},"featured_media":415,"comment_status":"open","ping_status":"closed","template":"","meta":[],"product_brand":[],"product_cat":[30],"product_tag":[],"class_list":{"0":"post-413","1":"product","2":"type-product","3":"status-publish","4":"has-post-thumbnail","6":"product_cat-vestidos","8":"first","9":"instock","10":"sale","11":"featured","12":"taxable","13":"shipping-taxable","14":"purchasable","15":"product-type-simple"},"_links":{"self":[{"href":"https:\/\/kesiaalves.com.br\/index.php?rest_route=\/wp\/v2\/product\/413","targetHints":{"allow":["GET"]}}],"collection":[{"href":"https:\/\/kesiaalves.com.br\/index.php?rest_route=\/wp\/v2\/product"}],"about":[{"href":"https:\/\/kesiaalves.com.br\/index.php?rest_route=\/wp\/v2\/types\/product"}],"replies":[{"embeddable":true,"href":"https:\/\/kesiaalves.com.br\/index.php?rest_route=%2Fwp%2Fv2%2Fcomments&post=413"}],"wp:featuredmedia":[{"embeddable":true,"href":"https:\/\/kesiaalves.com.br\/index.php?rest_route=\/wp\/v2\/media\/415"}],"wp:attachment":[{"href":"https:\/\/kesiaalves.com.br\/index.php?rest_route=%2Fwp%2Fv2%2Fmedia&parent=413"}],"wp:term":[{"taxonomy":"product_brand","embeddable":true,"href":"https:\/\/kesiaalves.com.br\/index.php?rest_route=%2Fwp%2Fv2%2Fproduct_brand&post=413"},{"taxonomy":"product_cat","embeddable":true,"href":"https:\/\/kesiaalves.com.br\/index.php?rest_route=%2Fwp%2Fv2%2Fproduct_cat&post=413"},{"taxonomy":"product_tag","embeddable":true,"href":"https:\/\/kesiaalves.com.br\/index.php?rest_route=%2Fwp%2Fv2%2Fproduct_tag&post=413"}],"curies":[{"name":"wp","href":"https:\/\/api.w.org\/{rel}","templated":true}]}}