{"id":918,"date":"2024-05-12T22:59:10","date_gmt":"2024-05-13T01:59:10","guid":{"rendered":"https:\/\/kesiaalves.com.br\/?post_type=product&#038;p=918"},"modified":"2024-05-12T23:01:33","modified_gmt":"2024-05-13T02:01:33","slug":"vestido-midi-manga-3-8","status":"publish","type":"product","link":"https:\/\/kesiaalves.com.br\/?product=vestido-midi-manga-3-8","title":{"rendered":"Vestido Midi Manga 3\/8"},"content":{"rendered":"<p>Uma dica de ouro \u00e9 preferir os vestidos midi que deixam a maior \u00e1rea poss\u00edvel das suas canelas \u00e0 mostra. Sendo assim,\u00a0<b>a melhor op\u00e7\u00e3o de comprimento para voc\u00ea ser\u00e1 o que termina de 3 a 8 dedos ap\u00f3s o final do seu joelho<\/b>.<\/p>\n","protected":false},"excerpt":{"rendered":"<p>Uma dica de ouro \u00e9 preferir os vestidos midi que deixam a maior \u00e1rea poss\u00edvel das suas canelas \u00e0 mostra. Sendo assim,\u00a0a melhor op\u00e7\u00e3o de comprimento para voc\u00ea ser\u00e1 o que termina de 3 a 8 dedos ap\u00f3s o final do seu joelho.<\/p>\n","protected":false},"featured_media":923,"comment_status":"open","ping_status":"closed","template":"","meta":[],"product_brand":[],"product_cat":[30],"product_tag":[],"class_list":{"0":"post-918","1":"product","2":"type-product","3":"status-publish","4":"has-post-thumbnail","6":"product_cat-vestidos","7":"pa_cor-amarelo","8":"pa_cor-azul","9":"pa_cor-branco","10":"pa_cor-preto","11":"pa_cor-rosa","12":"pa_cor-verde","13":"pa_cor-vermelho","14":"pa_tamanho-g","15":"pa_tamanho-gg","16":"pa_tamanho-m","17":"pa_tamanho-p","19":"first","20":"instock","21":"sale","22":"featured","23":"taxable","24":"shipping-taxable","25":"purchasable","26":"product-type-simple"},"_links":{"self":[{"href":"https:\/\/kesiaalves.com.br\/index.php?rest_route=\/wp\/v2\/product\/918","targetHints":{"allow":["GET"]}}],"collection":[{"href":"https:\/\/kesiaalves.com.br\/index.php?rest_route=\/wp\/v2\/product"}],"about":[{"href":"https:\/\/kesiaalves.com.br\/index.php?rest_route=\/wp\/v2\/types\/product"}],"replies":[{"embeddable":true,"href":"https:\/\/kesiaalves.com.br\/index.php?rest_route=%2Fwp%2Fv2%2Fcomments&post=918"}],"wp:featuredmedia":[{"embeddable":true,"href":"https:\/\/kesiaalves.com.br\/index.php?rest_route=\/wp\/v2\/media\/923"}],"wp:attachment":[{"href":"https:\/\/kesiaalves.com.br\/index.php?rest_route=%2Fwp%2Fv2%2Fmedia&parent=918"}],"wp:term":[{"taxonomy":"product_brand","embeddable":true,"href":"https:\/\/kesiaalves.com.br\/index.php?rest_route=%2Fwp%2Fv2%2Fproduct_brand&post=918"},{"taxonomy":"product_cat","embeddable":true,"href":"https:\/\/kesiaalves.com.br\/index.php?rest_route=%2Fwp%2Fv2%2Fproduct_cat&post=918"},{"taxonomy":"product_tag","embeddable":true,"href":"https:\/\/kesiaalves.com.br\/index.php?rest_route=%2Fwp%2Fv2%2Fproduct_tag&post=918"}],"curies":[{"name":"wp","href":"https:\/\/api.w.org\/{rel}","templated":true}]}}