{"id":924,"date":"2024-05-12T23:05:07","date_gmt":"2024-05-13T02:05:07","guid":{"rendered":"https:\/\/kesiaalves.com.br\/?post_type=product&#038;p=924"},"modified":"2024-05-12T23:11:07","modified_gmt":"2024-05-13T02:11:07","slug":"vestido-midi-manga-3-4","status":"publish","type":"product","link":"https:\/\/kesiaalves.com.br\/?product=vestido-midi-manga-3-4","title":{"rendered":"Vestido Midi Manga 3\/4"},"content":{"rendered":"<p>Uma dica de ouro \u00e9 preferir os vestidos midi que deixam a maior \u00e1rea poss\u00edvel das suas canelas \u00e0 mostra. Sendo assim,\u00a0<b>a melhor op\u00e7\u00e3o de comprimento para voc\u00ea ser\u00e1 o que termina de 3 a 4 dedos ap\u00f3s o final do seu joelho<\/b>.<\/p>\n","protected":false},"excerpt":{"rendered":"<p>Uma dica de ouro \u00e9 preferir os vestidos midi que deixam a maior \u00e1rea poss\u00edvel das suas canelas \u00e0 mostra. Sendo assim,\u00a0a melhor op\u00e7\u00e3o de comprimento para voc\u00ea ser\u00e1 o que termina de 3 a 4 dedos ap\u00f3s o final do seu joelho.<\/p>\n","protected":false},"featured_media":931,"comment_status":"open","ping_status":"closed","template":"","meta":[],"product_brand":[],"product_cat":[30],"product_tag":[],"class_list":{"0":"post-924","1":"product","2":"type-product","3":"status-publish","4":"has-post-thumbnail","6":"product_cat-vestidos","7":"pa_cor-amarelo","8":"pa_cor-azul","9":"pa_cor-branco","10":"pa_cor-preto","11":"pa_cor-rosa","12":"pa_cor-verde","13":"pa_cor-vermelho","14":"pa_tamanho-g","15":"pa_tamanho-gg","16":"pa_tamanho-m","17":"pa_tamanho-p","19":"first","20":"instock","21":"sale","22":"featured","23":"taxable","24":"shipping-taxable","25":"purchasable","26":"product-type-simple"},"_links":{"self":[{"href":"https:\/\/kesiaalves.com.br\/index.php?rest_route=\/wp\/v2\/product\/924","targetHints":{"allow":["GET"]}}],"collection":[{"href":"https:\/\/kesiaalves.com.br\/index.php?rest_route=\/wp\/v2\/product"}],"about":[{"href":"https:\/\/kesiaalves.com.br\/index.php?rest_route=\/wp\/v2\/types\/product"}],"replies":[{"embeddable":true,"href":"https:\/\/kesiaalves.com.br\/index.php?rest_route=%2Fwp%2Fv2%2Fcomments&post=924"}],"wp:featuredmedia":[{"embeddable":true,"href":"https:\/\/kesiaalves.com.br\/index.php?rest_route=\/wp\/v2\/media\/931"}],"wp:attachment":[{"href":"https:\/\/kesiaalves.com.br\/index.php?rest_route=%2Fwp%2Fv2%2Fmedia&parent=924"}],"wp:term":[{"taxonomy":"product_brand","embeddable":true,"href":"https:\/\/kesiaalves.com.br\/index.php?rest_route=%2Fwp%2Fv2%2Fproduct_brand&post=924"},{"taxonomy":"product_cat","embeddable":true,"href":"https:\/\/kesiaalves.com.br\/index.php?rest_route=%2Fwp%2Fv2%2Fproduct_cat&post=924"},{"taxonomy":"product_tag","embeddable":true,"href":"https:\/\/kesiaalves.com.br\/index.php?rest_route=%2Fwp%2Fv2%2Fproduct_tag&post=924"}],"curies":[{"name":"wp","href":"https:\/\/api.w.org\/{rel}","templated":true}]}}